{"id":27543,"date":"2022-11-15T18:49:27","date_gmt":"2022-11-15T18:49:27","guid":{"rendered":"https:\/\/cousy.be\/nous-tricotons\/"},"modified":"2022-12-21T20:25:24","modified_gmt":"2022-12-21T20:25:24","slug":"nous-tricotons","status":"publish","type":"page","link":"https:\/\/cousy.be\/fr\/nous-tricotons\/","title":{"rendered":"Nous tricotons"},"content":{"rendered":"<p>[et_pb_section fb_built=\u00a0\u00bb1&Prime; disabled_on=\u00a0\u00bboff|off|off\u00a0\u00bb _builder_version=\u00a0\u00bb4.18.0&Prime; _module_preset=\u00a0\u00bbdefault\u00a0\u00bb width=\u00a0\u00bb97%\u00a0\u00bb max_width=\u00a0\u00bb97%\u00a0\u00bb module_alignment=\u00a0\u00bbcenter\u00a0\u00bb custom_margin=\u00a0\u00bb||||false|false\u00a0\u00bb custom_padding=\u00a0\u00bb0px||0px||true|false\u00a0\u00bb global_colors_info=\u00a0\u00bb{}\u00a0\u00bb][et_pb_row column_structure=\u00a0\u00bb1_2,1_2&Prime; use_custom_gutter=\u00a0\u00bbon\u00a0\u00bb gutter_width=\u00a0\u00bb1&Prime; make_equal=\u00a0\u00bbon\u00a0\u00bb _builder_version=\u00a0\u00bb4.18.0&Prime; _module_preset=\u00a0\u00bbdefault\u00a0\u00bb width=\u00a0\u00bb100%\u00a0\u00bb max_width=\u00a0\u00bb100%\u00a0\u00bb custom_margin=\u00a0\u00bb0px||0px||true|false\u00a0\u00bb custom_padding=\u00a0\u00bb0px||0px||true|false\u00a0\u00bb global_colors_info=\u00a0\u00bb{}\u00a0\u00bb][et_pb_column type=\u00a0\u00bb1_2&Prime; module_class=\u00a0\u00bbscrolling_col\u00a0\u00bb _builder_version=\u00a0\u00bb4.18.0&Prime; _module_preset=\u00a0\u00bbdefault\u00a0\u00bb overflow-y=\u00a0\u00bbscroll\u00a0\u00bb global_colors_info=\u00a0\u00bb{}\u00a0\u00bb custom_css_main_element_last_edited=\u00a0\u00bboff|desktop\u00a0\u00bb custom_css_main_element_phone=\u00a0\u00bbheight: 38vh;\u00a0\u00bb custom_css_main_element_tablet=\u00a0\u00bbheight: 80.4vh;\u00a0\u00bb][et_pb_image src=\u00a0\u00bbhttps:\/\/cousy.be\/wp-content\/uploads\/2022\/11\/Cousy_31.jpg\u00a0\u00bb title_text=\u00a0\u00bbCousy_31&Prime; align=\u00a0\u00bbcenter\u00a0\u00bb force_fullwidth=\u00a0\u00bbon\u00a0\u00bb _builder_version=\u00a0\u00bb4.18.0&Prime; _module_preset=\u00a0\u00bbdefault\u00a0\u00bb global_colors_info=\u00a0\u00bb{}\u00a0\u00bb][\/et_pb_image][et_pb_image src=\u00a0\u00bbhttps:\/\/cousy.be\/wp-content\/uploads\/2022\/11\/Cousy_1.jpg\u00a0\u00bb title_text=\u00a0\u00bbCousy_1&Prime; align=\u00a0\u00bbcenter\u00a0\u00bb force_fullwidth=\u00a0\u00bbon\u00a0\u00bb _builder_version=\u00a0\u00bb4.18.0&Prime; _module_preset=\u00a0\u00bbdefault\u00a0\u00bb global_colors_info=\u00a0\u00bb{}\u00a0\u00bb][\/et_pb_image][et_pb_image src=\u00a0\u00bbhttps:\/\/cousy.be\/wp-content\/uploads\/2022\/11\/Cousy_7.jpg\u00a0\u00bb title_text=\u00a0\u00bbCousy_7&Prime; align=\u00a0\u00bbcenter\u00a0\u00bb force_fullwidth=\u00a0\u00bbon\u00a0\u00bb _builder_version=\u00a0\u00bb4.18.0&Prime; _module_preset=\u00a0\u00bbdefault\u00a0\u00bb global_colors_info=\u00a0\u00bb{}\u00a0\u00bb][\/et_pb_image][et_pb_image src=\u00a0\u00bbhttps:\/\/cousy.be\/wp-content\/uploads\/2022\/11\/Cousy_16-zw.jpg\u00a0\u00bb title_text=\u00a0\u00bbCousy_16-bl\u00a0\u00bb align=\u00a0\u00bbcenter\u00a0\u00bb force_fullwidth=\u00a0\u00bbon\u00a0\u00bb _builder_version=\u00a0\u00bb4.18.0&Prime; _module_preset=\u00a0\u00bbdefault\u00a0\u00bb global_colors_info=\u00a0\u00bb{}\u00a0\u00bb][\/et_pb_image][\/et_pb_column][et_pb_column type=\u00a0\u00bb1_2&Prime; _builder_version=\u00a0\u00bb4.18.0&Prime; _module_preset=\u00a0\u00bbdefault\u00a0\u00bb custom_padding=\u00a0\u00bb0px||||false|false\u00a0\u00bb global_colors_info=\u00a0\u00bb{}\u00a0\u00bb][et_pb_slider show_pagination=\u00a0\u00bboff\u00a0\u00bb show_arrows_last_edited=\u00a0\u00bboff|desktop\u00a0\u00bb module_class=\u00a0\u00bbcsk_slider\u00a0\u00bb _builder_version=\u00a0\u00bb4.18.0&Prime; _module_preset=\u00a0\u00bbdefault\u00a0\u00bb header_font=\u00a0\u00bbCalistoga||||||||\u00a0\u00bb header_font_size=\u00a0\u00bb36px\u00a0\u00bb header_line_height=\u00a0\u00bb1.7em\u00a0\u00bb text_orientation=\u00a0\u00bbleft\u00a0\u00bb custom_margin=\u00a0\u00bb0px||||false|false\u00a0\u00bb custom_padding=\u00a0\u00bb0px||||false|false\u00a0\u00bb sticky_limit_bottom=\u00a0\u00bbrow\u00a0\u00bb hover_enabled=\u00a0\u00bb0&Prime; border_width_top=\u00a0\u00bb2px\u00a0\u00bb border_color_top=\u00a0\u00bb#f7f7f7&Prime; global_colors_info=\u00a0\u00bb{}\u00a0\u00bb show_arrows__hover_enabled=\u00a0\u00bboff|hover\u00a0\u00bb sticky_enabled=\u00a0\u00bb0&Prime;][et_pb_slide heading=\u00a0\u00bbNous tricotons\u00a0\u00bb _builder_version=\u00a0\u00bb4.18.0&Prime; _module_preset=\u00a0\u00bbdefault\u00a0\u00bb header_level=\u00a0\u00bbh4&Prime; body_font=\u00a0\u00bbKanit|200|||||||\u00a0\u00bb background_enable_color=\u00a0\u00bboff\u00a0\u00bb background_layout=\u00a0\u00bblight\u00a0\u00bb hover_enabled=\u00a0\u00bb0&Prime; global_colors_info=\u00a0\u00bb{}\u00a0\u00bb sticky_transition=\u00a0\u00bbon\u00a0\u00bb sticky_enabled=\u00a0\u00bb0&Prime;]<\/p>\n<p><strong>Tricots belges de classe mondiale<\/strong><\/p>\n<p>Chez Cousy, les cr\u00e9ateurs trouvent un partenaire cr\u00e9atif qui conna\u00eet les moindres d\u00e9tails de la maille. Notre situation centrale en Europe et nos excellentes comp\u00e9tences linguistiques sont un atout majeur.<\/p>\n<p><strong>Techniques sp\u00e9ciales de tricotage &amp; tricotage de formes<\/strong><\/p>\n<p>Au fil des ans, nous avons constitu\u00e9 une \u00e9norme biblioth\u00e8que de programmes pour les <a title=\"\" href=\"http:\/\/www.knitoffice.eu\/nl\/cousy\/technieken\">techniques de tricotage sp\u00e9ciales et le tricotage de formes<\/a> (fully fashioned). Bien entendu, vous pouvez \u00e9galement venir chez nous pour toutes les techniques de base du tricot plat.<\/p>\n<p><strong>Production Belgique, Europe ou Asie<\/strong><\/p>\n<p>Le d\u00e9veloppement des prototypes et des \u00e9chantillons de collecte se fait g\u00e9n\u00e9ralement en Belgique. La production est \u00e9galement possible en Belgique, soit pour des \u00e9ditions limit\u00e9es. Nous supervisons la production de plus grandes quantit\u00e9s avec des partenaires de tricotage en Europe et en Asie.<\/p>\n<p>[\/et_pb_slide][\/et_pb_slider][\/et_pb_column][\/et_pb_row][\/et_pb_section]<\/p>\n","protected":false},"excerpt":{"rendered":"<p>Tricots belges de classe mondiale Chez Cousy, les cr\u00e9ateurs trouvent un partenaire cr\u00e9atif qui conna\u00eet les moindres d\u00e9tails de la maille. Notre situation centrale en Europe et nos excellentes comp\u00e9tences linguistiques sont un atout majeur. Techniques sp\u00e9ciales de tricotage &amp; tricotage de formes Au fil des ans, nous avons constitu\u00e9 une \u00e9norme biblioth\u00e8que de programmes [&hellip;]<\/p>\n","protected":false},"author":3,"featured_media":0,"parent":0,"menu_order":0,"comment_status":"closed","ping_status":"closed","template":"","meta":{"_et_pb_use_builder":"on","_et_pb_old_content":"","_et_gb_content_width":"","footnotes":""},"class_list":["post-27543","page","type-page","status-publish","hentry"],"yoast_head":"<!-- This site is optimized with the Yoast SEO plugin v27.4 - https:\/\/yoast.com\/product\/yoast-seo-wordpress\/ -->\n<title>Nous tricotons - Cousy<\/title>\n<meta name=\"robots\" content=\"index, follow, max-snippet:-1, max-image-preview:large, max-video-preview:-1\" \/>\n<link rel=\"canonical\" href=\"https:\/\/cousy.be\/fr\/nous-tricotons\/\" \/>\n<meta property=\"og:locale\" content=\"fr_FR\" \/>\n<meta property=\"og:type\" content=\"article\" \/>\n<meta property=\"og:title\" content=\"Nous tricotons - Cousy\" \/>\n<meta property=\"og:description\" content=\"Tricots belges de classe mondiale Chez Cousy, les cr\u00e9ateurs trouvent un partenaire cr\u00e9atif qui conna\u00eet les moindres d\u00e9tails de la maille. Notre situation centrale en Europe et nos excellentes comp\u00e9tences linguistiques sont un atout majeur. Techniques sp\u00e9ciales de tricotage &amp; tricotage de formes Au fil des ans, nous avons constitu\u00e9 une \u00e9norme biblioth\u00e8que de programmes [&hellip;]\" \/>\n<meta property=\"og:url\" content=\"https:\/\/cousy.be\/fr\/nous-tricotons\/\" \/>\n<meta property=\"og:site_name\" content=\"Cousy\" \/>\n<meta property=\"article:modified_time\" content=\"2022-12-21T20:25:24+00:00\" \/>\n<meta name=\"twitter:card\" content=\"summary_large_image\" \/>\n<meta name=\"twitter:label1\" content=\"Dur\u00e9e de lecture estim\u00e9e\" \/>\n\t<meta name=\"twitter:data1\" content=\"3 minutes\" \/>\n<script type=\"application\/ld+json\" class=\"yoast-schema-graph\">{\"@context\":\"https:\\\/\\\/schema.org\",\"@graph\":[{\"@type\":\"WebPage\",\"@id\":\"https:\\\/\\\/cousy.be\\\/fr\\\/nous-tricotons\\\/\",\"url\":\"https:\\\/\\\/cousy.be\\\/fr\\\/nous-tricotons\\\/\",\"name\":\"Nous tricotons - Cousy\",\"isPartOf\":{\"@id\":\"https:\\\/\\\/cousy.be\\\/#website\"},\"datePublished\":\"2022-11-15T18:49:27+00:00\",\"dateModified\":\"2022-12-21T20:25:24+00:00\",\"breadcrumb\":{\"@id\":\"https:\\\/\\\/cousy.be\\\/fr\\\/nous-tricotons\\\/#breadcrumb\"},\"inLanguage\":\"fr-FR\",\"potentialAction\":[{\"@type\":\"ReadAction\",\"target\":[\"https:\\\/\\\/cousy.be\\\/fr\\\/nous-tricotons\\\/\"]}]},{\"@type\":\"BreadcrumbList\",\"@id\":\"https:\\\/\\\/cousy.be\\\/fr\\\/nous-tricotons\\\/#breadcrumb\",\"itemListElement\":[{\"@type\":\"ListItem\",\"position\":1,\"name\":\"Home\",\"item\":\"https:\\\/\\\/cousy.be\\\/fr\\\/\"},{\"@type\":\"ListItem\",\"position\":2,\"name\":\"Nous tricotons\"}]},{\"@type\":\"WebSite\",\"@id\":\"https:\\\/\\\/cousy.be\\\/#website\",\"url\":\"https:\\\/\\\/cousy.be\\\/\",\"name\":\"Cousy\",\"description\":\"Knitwear Family\",\"publisher\":{\"@id\":\"https:\\\/\\\/cousy.be\\\/#organization\"},\"potentialAction\":[{\"@type\":\"SearchAction\",\"target\":{\"@type\":\"EntryPoint\",\"urlTemplate\":\"https:\\\/\\\/cousy.be\\\/?s={search_term_string}\"},\"query-input\":{\"@type\":\"PropertyValueSpecification\",\"valueRequired\":true,\"valueName\":\"search_term_string\"}}],\"inLanguage\":\"fr-FR\"},{\"@type\":\"Organization\",\"@id\":\"https:\\\/\\\/cousy.be\\\/#organization\",\"name\":\"Cousy\",\"url\":\"https:\\\/\\\/cousy.be\\\/\",\"logo\":{\"@type\":\"ImageObject\",\"inLanguage\":\"fr-FR\",\"@id\":\"https:\\\/\\\/cousy.be\\\/#\\\/schema\\\/logo\\\/image\\\/\",\"url\":\"https:\\\/\\\/cousy.be\\\/wp-content\\\/uploads\\\/2022\\\/11\\\/Voorlopig-logo.png\",\"contentUrl\":\"https:\\\/\\\/cousy.be\\\/wp-content\\\/uploads\\\/2022\\\/11\\\/Voorlopig-logo.png\",\"width\":2355,\"height\":455,\"caption\":\"Cousy\"},\"image\":{\"@id\":\"https:\\\/\\\/cousy.be\\\/#\\\/schema\\\/logo\\\/image\\\/\"}}]}<\/script>\n<!-- \/ Yoast SEO plugin. -->","yoast_head_json":{"title":"Nous tricotons - Cousy","robots":{"index":"index","follow":"follow","max-snippet":"max-snippet:-1","max-image-preview":"max-image-preview:large","max-video-preview":"max-video-preview:-1"},"canonical":"https:\/\/cousy.be\/fr\/nous-tricotons\/","og_locale":"fr_FR","og_type":"article","og_title":"Nous tricotons - Cousy","og_description":"Tricots belges de classe mondiale Chez Cousy, les cr\u00e9ateurs trouvent un partenaire cr\u00e9atif qui conna\u00eet les moindres d\u00e9tails de la maille. Notre situation centrale en Europe et nos excellentes comp\u00e9tences linguistiques sont un atout majeur. Techniques sp\u00e9ciales de tricotage &amp; tricotage de formes Au fil des ans, nous avons constitu\u00e9 une \u00e9norme biblioth\u00e8que de programmes [&hellip;]","og_url":"https:\/\/cousy.be\/fr\/nous-tricotons\/","og_site_name":"Cousy","article_modified_time":"2022-12-21T20:25:24+00:00","twitter_card":"summary_large_image","twitter_misc":{"Dur\u00e9e de lecture estim\u00e9e":"3 minutes"},"schema":{"@context":"https:\/\/schema.org","@graph":[{"@type":"WebPage","@id":"https:\/\/cousy.be\/fr\/nous-tricotons\/","url":"https:\/\/cousy.be\/fr\/nous-tricotons\/","name":"Nous tricotons - Cousy","isPartOf":{"@id":"https:\/\/cousy.be\/#website"},"datePublished":"2022-11-15T18:49:27+00:00","dateModified":"2022-12-21T20:25:24+00:00","breadcrumb":{"@id":"https:\/\/cousy.be\/fr\/nous-tricotons\/#breadcrumb"},"inLanguage":"fr-FR","potentialAction":[{"@type":"ReadAction","target":["https:\/\/cousy.be\/fr\/nous-tricotons\/"]}]},{"@type":"BreadcrumbList","@id":"https:\/\/cousy.be\/fr\/nous-tricotons\/#breadcrumb","itemListElement":[{"@type":"ListItem","position":1,"name":"Home","item":"https:\/\/cousy.be\/fr\/"},{"@type":"ListItem","position":2,"name":"Nous tricotons"}]},{"@type":"WebSite","@id":"https:\/\/cousy.be\/#website","url":"https:\/\/cousy.be\/","name":"Cousy","description":"Knitwear Family","publisher":{"@id":"https:\/\/cousy.be\/#organization"},"potentialAction":[{"@type":"SearchAction","target":{"@type":"EntryPoint","urlTemplate":"https:\/\/cousy.be\/?s={search_term_string}"},"query-input":{"@type":"PropertyValueSpecification","valueRequired":true,"valueName":"search_term_string"}}],"inLanguage":"fr-FR"},{"@type":"Organization","@id":"https:\/\/cousy.be\/#organization","name":"Cousy","url":"https:\/\/cousy.be\/","logo":{"@type":"ImageObject","inLanguage":"fr-FR","@id":"https:\/\/cousy.be\/#\/schema\/logo\/image\/","url":"https:\/\/cousy.be\/wp-content\/uploads\/2022\/11\/Voorlopig-logo.png","contentUrl":"https:\/\/cousy.be\/wp-content\/uploads\/2022\/11\/Voorlopig-logo.png","width":2355,"height":455,"caption":"Cousy"},"image":{"@id":"https:\/\/cousy.be\/#\/schema\/logo\/image\/"}}]}},"_links":{"self":[{"href":"https:\/\/cousy.be\/fr\/wp-json\/wp\/v2\/pages\/27543","targetHints":{"allow":["GET"]}}],"collection":[{"href":"https:\/\/cousy.be\/fr\/wp-json\/wp\/v2\/pages"}],"about":[{"href":"https:\/\/cousy.be\/fr\/wp-json\/wp\/v2\/types\/page"}],"author":[{"embeddable":true,"href":"https:\/\/cousy.be\/fr\/wp-json\/wp\/v2\/users\/3"}],"replies":[{"embeddable":true,"href":"https:\/\/cousy.be\/fr\/wp-json\/wp\/v2\/comments?post=27543"}],"version-history":[{"count":11,"href":"https:\/\/cousy.be\/fr\/wp-json\/wp\/v2\/pages\/27543\/revisions"}],"predecessor-version":[{"id":28217,"href":"https:\/\/cousy.be\/fr\/wp-json\/wp\/v2\/pages\/27543\/revisions\/28217"}],"wp:attachment":[{"href":"https:\/\/cousy.be\/fr\/wp-json\/wp\/v2\/media?parent=27543"}],"curies":[{"name":"wp","href":"https:\/\/api.w.org\/{rel}","templated":true}]}}