{"id":27531,"date":"2022-11-15T18:49:24","date_gmt":"2022-11-15T18:49:24","guid":{"rendered":"https:\/\/cousy.be\/contact\/"},"modified":"2023-03-04T15:39:16","modified_gmt":"2023-03-04T15:39:16","slug":"contact","status":"publish","type":"page","link":"https:\/\/cousy.be\/fr\/contact\/","title":{"rendered":"Contact"},"content":{"rendered":"<p>[et_pb_section fb_built=\u00a0\u00bb1&Prime; _builder_version=\u00a0\u00bb4.18.0&Prime; _module_preset=\u00a0\u00bbdefault\u00a0\u00bb custom_padding=\u00a0\u00bb0px||1px|||\u00a0\u00bb global_colors_info=\u00a0\u00bb{}\u00a0\u00bb][et_pb_row use_custom_gutter=\u00a0\u00bbon\u00a0\u00bb gutter_width=\u00a0\u00bb2&Prime; make_equal=\u00a0\u00bbon\u00a0\u00bb _builder_version=\u00a0\u00bb4.18.0&Prime; _module_preset=\u00a0\u00bbdefault\u00a0\u00bb width=\u00a0\u00bb90%\u00a0\u00bb custom_padding=\u00a0\u00bb0px||0px|||\u00a0\u00bb custom_css_main_element=\u00a0\u00bbdisplay: flex;||flex-wrap: wrap;\u00a0\u00bb global_colors_info=\u00a0\u00bb{}\u00a0\u00bb][et_pb_column type=\u00a0\u00bb4_4&Prime; _builder_version=\u00a0\u00bb4.18.0&Prime; _module_preset=\u00a0\u00bbdefault\u00a0\u00bb global_colors_info=\u00a0\u00bb{}\u00a0\u00bb][et_pb_text _builder_version=\u00a0\u00bb4.18.0&Prime; _module_preset=\u00a0\u00bbdefault\u00a0\u00bb header_font=\u00a0\u00bbCalistoga||||||||\u00a0\u00bb header_text_align=\u00a0\u00bbleft\u00a0\u00bb header_font_size=\u00a0\u00bb36px\u00a0\u00bb custom_padding=\u00a0\u00bb||12px|||\u00a0\u00bb global_colors_info=\u00a0\u00bb{}\u00a0\u00bb]<\/p>\n<h1>Rencontrons-nous<\/h1>\n<p>[\/et_pb_text][\/et_pb_column][\/et_pb_row][et_pb_row column_structure=\u00a0\u00bb2_3,1_3&Prime; use_custom_gutter=\u00a0\u00bbon\u00a0\u00bb gutter_width=\u00a0\u00bb2&Prime; make_equal=\u00a0\u00bbon\u00a0\u00bb _builder_version=\u00a0\u00bb4.18.0&Prime; _module_preset=\u00a0\u00bbdefault\u00a0\u00bb width=\u00a0\u00bb90%\u00a0\u00bb custom_padding=\u00a0\u00bb0px|||||\u00a0\u00bb custom_css_main_element=\u00a0\u00bbdisplay: flex;||flex-wrap: wrap;\u00a0\u00bb global_colors_info=\u00a0\u00bb{}\u00a0\u00bb][et_pb_column type=\u00a0\u00bb2_3&Prime; _builder_version=\u00a0\u00bb4.18.0&Prime; _module_preset=\u00a0\u00bbdefault\u00a0\u00bb custom_css_main_element=\u00a0\u00bborder:2;\u00a0\u00bb border_color_right=\u00a0\u00bbrgba(0,0,0,0.15)\u00a0\u00bb global_colors_info=\u00a0\u00bb{}\u00a0\u00bb][dvppl_cf7_styler form_padding=\u00a0\u00bb20px||0px||false|false\u00a0\u00bb cf7=\u00a0\u00bb4&Prime; form_background_color=\u00a0\u00bb#FFFFFF\u00a0\u00bb _builder_version=\u00a0\u00bb4.18.0&Prime; _module_preset=\u00a0\u00bbdefault\u00a0\u00bb form_field_font_font=\u00a0\u00bbKanit|200|||||||\u00a0\u00bb labels_font=\u00a0\u00bbKanit|200|||||||\u00a0\u00bb labels_line_height=\u00a0\u00bb0.3em\u00a0\u00bb placeholder_font=\u00a0\u00bbKanit|200|||||||\u00a0\u00bb custom_submit_button=\u00a0\u00bbon\u00a0\u00bb submit_button_text_size=\u00a0\u00bb14px\u00a0\u00bb submit_button_text_color=\u00a0\u00bb#FFFFFF\u00a0\u00bb submit_button_bg_color=\u00a0\u00bb#000000&Prime; submit_button_border_color=\u00a0\u00bbRGBA(255,255,255,0)\u00a0\u00bb submit_button_border_radius=\u00a0\u00bb0px\u00a0\u00bb submit_button_letter_spacing=\u00a0\u00bb1px\u00a0\u00bb submit_button_font=\u00a0\u00bbKanit|300||on|||||\u00a0\u00bb submit_button_custom_margin=\u00a0\u00bb20px||||false|false\u00a0\u00bb submit_button_custom_padding=\u00a0\u00bb5px|15px|5px|15px|true|true\u00a0\u00bb custom_margin=\u00a0\u00bb0px|100px||60px|false|false\u00a0\u00bb custom_margin_tablet=\u00a0\u00bb0px||||false|false\u00a0\u00bb custom_margin_phone=\u00a0\u00bb3px|10px||10px|false|true\u00a0\u00bb custom_margin_last_edited=\u00a0\u00bbon|phone\u00a0\u00bb global_colors_info=\u00a0\u00bb{}\u00a0\u00bb][\/dvppl_cf7_styler][\/et_pb_column][et_pb_column type=\u00a0\u00bb1_3&Prime; _builder_version=\u00a0\u00bb4.18.0&Prime; _module_preset=\u00a0\u00bbdefault\u00a0\u00bb custom_css_main_element=\u00a0\u00bborder:1;\u00a0\u00bb global_colors_info=\u00a0\u00bb{}\u00a0\u00bb][et_pb_text _builder_version=\u00a0\u00bb4.18.0&Prime; _module_preset=\u00a0\u00bbdefault\u00a0\u00bb text_font=\u00a0\u00bbKanit|200|||||||\u00a0\u00bb custom_padding=\u00a0\u00bb|40px|||false|false\u00a0\u00bb global_colors_info=\u00a0\u00bb{}\u00a0\u00bb]<\/p>\n<p>Nous sommes un point de contact central et un consultant pour les cr\u00e9ateurs d\u00e9butants et \u00e9tablis. Gr\u00e2ce \u00e0 nos contacts internationaux, nous sommes un lien entre les cr\u00e9ateurs et les fabricants de tricots du monde entier.<\/p>\n<p>[\/et_pb_text][et_pb_text _builder_version=\u00a0\u00bb4.18.0&Prime; _module_preset=\u00a0\u00bbdefault\u00a0\u00bb text_font=\u00a0\u00bbKanit|200|||||||\u00a0\u00bb custom_margin=\u00a0\u00bb0px|||||\u00a0\u00bb global_colors_info=\u00a0\u00bb{}\u00a0\u00bb]<\/p>\n<p>Vous avez une question ? Laissez ensuite vos coordonn\u00e9es via le formulaire de contact afin que nous puissions vous contacter ou vous aider davantage.<\/p>\n<p>[\/et_pb_text][et_pb_text _builder_version=\u00a0\u00bb4.18.0&Prime; _module_preset=\u00a0\u00bbdefault\u00a0\u00bb text_font=\u00a0\u00bbKanit|200|||||||\u00a0\u00bb header_4_font=\u00a0\u00bbKanit||||||||\u00a0\u00bb custom_margin=\u00a0\u00bb|40px|27px|||\u00a0\u00bb global_colors_info=\u00a0\u00bb{}\u00a0\u00bb]<\/p>\n<h4>Contact<\/h4>\n<p>Vandendriesschestraat 10<br \/>9620 Zottegem<br \/>Belgique<\/p>\n<p>[\/et_pb_text][et_pb_button button_url=\u00a0\u00bbhttps:\/\/goo.gl\/maps\/xVMtMkrNhvzYiaq96&Prime; url_new_window=\u00a0\u00bbon\u00a0\u00bb button_text=\u00a0\u00bbDescription de l&rsquo;itin\u00e9raire\u00a0\u00bb button_alignment=\u00a0\u00bbleft\u00a0\u00bb _builder_version=\u00a0\u00bb4.18.0&Prime; _module_preset=\u00a0\u00bbdefault\u00a0\u00bb custom_button=\u00a0\u00bbon\u00a0\u00bb button_text_size=\u00a0\u00bb14px\u00a0\u00bb button_text_color=\u00a0\u00bb#FFFFFF\u00a0\u00bb button_bg_color=\u00a0\u00bb#000000&Prime; button_border_width=\u00a0\u00bb0px\u00a0\u00bb button_border_radius=\u00a0\u00bb0px\u00a0\u00bb button_letter_spacing=\u00a0\u00bb1px\u00a0\u00bb button_font=\u00a0\u00bbKanit|300||on|||||\u00a0\u00bb button_use_icon=\u00a0\u00bboff\u00a0\u00bb custom_margin=\u00a0\u00bb20px|40px|30px||false|false\u00a0\u00bb global_colors_info=\u00a0\u00bb{}\u00a0\u00bb button_border_width__hover_enabled=\u00a0\u00bbon|hover\u00a0\u00bb button_border_width__hover=\u00a0\u00bb0px\u00a0\u00bb][\/et_pb_button][et_pb_blurb title=\u00a0\u00bb  +32 (0)9 360 01 67  \u00a0\u00bb url=\u00a0\u00bbtel:%20+32%20(0)9%20360%2001%2067%20&Prime; use_icon=\u00a0\u00bbon\u00a0\u00bb font_icon=\u00a0\u00bb&#xe090;||divi||400&Prime; icon_placement=\u00a0\u00bbleft\u00a0\u00bb image_icon_width=\u00a0\u00bb19px\u00a0\u00bb _builder_version=\u00a0\u00bb4.18.0&Prime; _module_preset=\u00a0\u00bbdefault\u00a0\u00bb header_font=\u00a0\u00bbKanit|200|||||||\u00a0\u00bb header_font_size=\u00a0\u00bb14px\u00a0\u00bb custom_margin=\u00a0\u00bb-5px||16px||false|false\u00a0\u00bb global_colors_info=\u00a0\u00bb{}\u00a0\u00bb][\/et_pb_blurb][et_pb_blurb title=\u00a0\u00bbinfo@cousy.be\u00a0\u00bb url=\u00a0\u00bbtel:%20+32%20(0)9%20360%2001%2067%20&Prime; use_icon=\u00a0\u00bbon\u00a0\u00bb font_icon=\u00a0\u00bb&#xf0e0;||fa||900&Prime; icon_placement=\u00a0\u00bbleft\u00a0\u00bb image_icon_width=\u00a0\u00bb19px\u00a0\u00bb _builder_version=\u00a0\u00bb4.18.0&Prime; _module_preset=\u00a0\u00bbdefault\u00a0\u00bb header_font=\u00a0\u00bbKanit|200|||||||\u00a0\u00bb header_font_size=\u00a0\u00bb14px\u00a0\u00bb custom_margin=\u00a0\u00bb-5px||||false|false\u00a0\u00bb global_colors_info=\u00a0\u00bb{}\u00a0\u00bb][\/et_pb_blurb][\/et_pb_column][\/et_pb_row][\/et_pb_section]<\/p>\n","protected":false},"excerpt":{"rendered":"<p>Rencontrons-nous<div class=\"et_pb_module dvppl_cf7_styler dvppl_cf7_styler_0\">\n\t\t\t\t\n\t\t\t\t\n\t\t\t\t\n\t\t\t\t\n\t\t\t\t\n\t\t\t\t\n\t\t\t\t<div class=\"et_pb_module_inner\">\n\t\t\t\t\t<div class=\"dipe-cf7-container dipe-cf7-button-left\">\n\t\t\t\t\n\t\t\t\t<div class=\"dipe-cf7 dipe-cf7-styler \">\n\t\t\t\t\t\n<div class=\"wpcf7 no-js\" id=\"wpcf7-f27584-o1\" lang=\"fr-FR\" dir=\"ltr\" data-wpcf7-id=\"27584\">\n<div class=\"screen-reader-response\"><p role=\"status\" aria-live=\"polite\" aria-atomic=\"true\"><\/p> <ul><\/ul><\/div>\n<form action=\"\/fr\/wp-json\/wp\/v2\/pages\/27531#wpcf7-f27584-o1\" method=\"post\" class=\"wpcf7-form init\" aria-label=\"Formulaire de contact\" novalidate=\"novalidate\" data-status=\"init\">\n<fieldset class=\"hidden-fields-container\"><input type=\"hidden\" name=\"_wpcf7\" value=\"27584\" \/><input type=\"hidden\" name=\"_wpcf7_version\" value=\"6.1.5\" \/><input type=\"hidden\" name=\"_wpcf7_locale\" value=\"fr_FR\" \/><input type=\"hidden\" name=\"_wpcf7_unit_tag\" value=\"wpcf7-f27584-o1\" \/><input type=\"hidden\" name=\"_wpcf7_container_post\" value=\"0\" \/><input type=\"hidden\" name=\"_wpcf7_posted_data_hash\" value=\"\" \/><input type=\"hidden\" name=\"_wpcf7_recaptcha_response\" value=\"\" \/>\n<\/fieldset>\n<div class=\"dfs-row\"><div class=\"dfs-col dfs-col-12\"><span class=\"wpcf7-form-control-wrap\" data-name=\"Naam\"><input size=\"40\" maxlength=\"400\" class=\"wpcf7-form-control wpcf7-text wpcf7-validates-as-required\" aria-required=\"true\" aria-invalid=\"false\" placeholder=\"Naam\" value=\"\" type=\"text\" name=\"Naam\" \/><\/span><\/div><\/div>\n\n<div class=\"dfs-row\"><div class=\"dfs-col dfs-col-12\"><span class=\"wpcf7-form-control-wrap\" data-name=\"Bedrijf\"><input size=\"40\" maxlength=\"400\" class=\"wpcf7-form-control wpcf7-text wpcf7-validates-as-required\" aria-required=\"true\" aria-invalid=\"false\" placeholder=\"Bedrijf\" value=\"\" type=\"text\" name=\"Bedrijf\" \/><\/span><\/div><\/div>\n\n\n<div class=\"dfs-row\"><div class=\"dfs-col dfs-col-12\"><span class=\"wpcf7-form-control-wrap\" data-name=\"Telefoon\"><input size=\"40\" maxlength=\"400\" class=\"wpcf7-form-control wpcf7-tel wpcf7-validates-as-required wpcf7-text wpcf7-validates-as-tel\" aria-required=\"true\" aria-invalid=\"false\" placeholder=\"Telefoon\" value=\"\" type=\"tel\" name=\"Telefoon\" \/><\/span><\/div><\/div>\n\n\n<div class=\"dfs-row\"><div class=\"dfs-col dfs-col-12\"><span class=\"wpcf7-form-control-wrap\" data-name=\"E-mail\"><input size=\"40\" maxlength=\"400\" class=\"wpcf7-form-control wpcf7-email wpcf7-validates-as-required wpcf7-text wpcf7-validates-as-email\" aria-required=\"true\" aria-invalid=\"false\" placeholder=\"E-mail\" value=\"\" type=\"email\" name=\"E-mail\" \/><\/span><\/div><\/div>\n\n\n<div class=\"dfs-row\"><div class=\"dfs-col dfs-col-12\"><span class=\"wpcf7-form-control-wrap\" data-name=\"Bericht\"><textarea cols=\"40\" rows=\"10\" maxlength=\"2000\" class=\"wpcf7-form-control wpcf7-textarea\" aria-invalid=\"false\" placeholder=\"Bericht\" name=\"Bericht\"><\/textarea><\/span><\/div><\/div>\n\n\n<span class=\"wpcf7-form-control-wrap\" data-name=\"GDPR\"><span class=\"wpcf7-form-control wpcf7-acceptance optional\"><span class=\"wpcf7-list-item\"><label><input type=\"checkbox\" name=\"GDPR\" value=\"1\" aria-invalid=\"false\" \/><span class=\"wpcf7-list-item-label\">Je suis d'accord avec la politique de confidentialit\u00e9 et de cookies<\/span><\/label><\/span><\/span><\/span>\n\n<input class=\"wpcf7-form-control wpcf7-submit has-spinner\" type=\"submit\" value=\"VERZENDEN\" \/><div class=\"wpcf7-form-control-wrap maspik-field\">\n                <label for=\"full-name-maspik-hp\" class=\"wpcf7-form-control-label\">Leave this field empty<\/label>\n                <input size=\"1\" type=\"text\" autocomplete=\"off\" aria-hidden=\"true\" tabindex=\"-1\" name=\"full-name-maspik-hp\" id=\"full-name-maspik-hp\" class=\"wpcf7-form-control wpcf7-text\" placeholder=\"Leave this field empty\">\n            <\/div><div class=\"wpcf7-response-output\" aria-hidden=\"true\"><\/div>\n<\/form>\n<\/div>\n\n\t\t\t\t<\/div>\n\t\t\t<\/div>\n\t\t\t\t<\/div>\n\t\t\t<\/div>Nous sommes un point de contact central et un consultant pour les cr\u00e9ateurs d\u00e9butants et \u00e9tablis. Gr\u00e2ce \u00e0 nos contacts internationaux, nous sommes un lien entre les cr\u00e9ateurs et les fabricants [&hellip;]<\/p>\n","protected":false},"author":1,"featured_media":0,"parent":0,"menu_order":0,"comment_status":"closed","ping_status":"closed","template":"","meta":{"_et_pb_use_builder":"on","_et_pb_old_content":"","_et_gb_content_width":"","footnotes":""},"class_list":["post-27531","page","type-page","status-publish","hentry"],"yoast_head":"<!-- This site is optimized with the Yoast SEO plugin v27.4 - https:\/\/yoast.com\/product\/yoast-seo-wordpress\/ -->\n<title>Contact - Cousy<\/title>\n<meta name=\"robots\" content=\"index, follow, max-snippet:-1, max-image-preview:large, max-video-preview:-1\" \/>\n<link rel=\"canonical\" href=\"https:\/\/cousy.be\/fr\/contact\/\" \/>\n<meta property=\"og:locale\" content=\"fr_FR\" \/>\n<meta property=\"og:type\" content=\"article\" \/>\n<meta property=\"og:title\" content=\"Contact - Cousy\" \/>\n<meta property=\"og:description\" content=\"Rencontrons-nousNous sommes un point de contact central et un consultant pour les cr\u00e9ateurs d\u00e9butants et \u00e9tablis. Gr\u00e2ce \u00e0 nos contacts internationaux, nous sommes un lien entre les cr\u00e9ateurs et les fabricants [&hellip;]\" \/>\n<meta property=\"og:url\" content=\"https:\/\/cousy.be\/fr\/contact\/\" \/>\n<meta property=\"og:site_name\" content=\"Cousy\" \/>\n<meta property=\"article:modified_time\" content=\"2023-03-04T15:39:16+00:00\" \/>\n<meta name=\"twitter:card\" content=\"summary_large_image\" \/>\n<meta name=\"twitter:label1\" content=\"Dur\u00e9e de lecture estim\u00e9e\" \/>\n\t<meta name=\"twitter:data1\" content=\"3 minutes\" \/>\n<script type=\"application\/ld+json\" class=\"yoast-schema-graph\">{\"@context\":\"https:\\\/\\\/schema.org\",\"@graph\":[{\"@type\":\"WebPage\",\"@id\":\"https:\\\/\\\/cousy.be\\\/fr\\\/contact\\\/\",\"url\":\"https:\\\/\\\/cousy.be\\\/fr\\\/contact\\\/\",\"name\":\"Contact - Cousy\",\"isPartOf\":{\"@id\":\"https:\\\/\\\/cousy.be\\\/#website\"},\"datePublished\":\"2022-11-15T18:49:24+00:00\",\"dateModified\":\"2023-03-04T15:39:16+00:00\",\"breadcrumb\":{\"@id\":\"https:\\\/\\\/cousy.be\\\/fr\\\/contact\\\/#breadcrumb\"},\"inLanguage\":\"fr-FR\",\"potentialAction\":[{\"@type\":\"ReadAction\",\"target\":[\"https:\\\/\\\/cousy.be\\\/fr\\\/contact\\\/\"]}]},{\"@type\":\"BreadcrumbList\",\"@id\":\"https:\\\/\\\/cousy.be\\\/fr\\\/contact\\\/#breadcrumb\",\"itemListElement\":[{\"@type\":\"ListItem\",\"position\":1,\"name\":\"Home\",\"item\":\"https:\\\/\\\/cousy.be\\\/fr\\\/\"},{\"@type\":\"ListItem\",\"position\":2,\"name\":\"Contact\"}]},{\"@type\":\"WebSite\",\"@id\":\"https:\\\/\\\/cousy.be\\\/#website\",\"url\":\"https:\\\/\\\/cousy.be\\\/\",\"name\":\"Cousy\",\"description\":\"Knitwear Family\",\"publisher\":{\"@id\":\"https:\\\/\\\/cousy.be\\\/#organization\"},\"potentialAction\":[{\"@type\":\"SearchAction\",\"target\":{\"@type\":\"EntryPoint\",\"urlTemplate\":\"https:\\\/\\\/cousy.be\\\/?s={search_term_string}\"},\"query-input\":{\"@type\":\"PropertyValueSpecification\",\"valueRequired\":true,\"valueName\":\"search_term_string\"}}],\"inLanguage\":\"fr-FR\"},{\"@type\":\"Organization\",\"@id\":\"https:\\\/\\\/cousy.be\\\/#organization\",\"name\":\"Cousy\",\"url\":\"https:\\\/\\\/cousy.be\\\/\",\"logo\":{\"@type\":\"ImageObject\",\"inLanguage\":\"fr-FR\",\"@id\":\"https:\\\/\\\/cousy.be\\\/#\\\/schema\\\/logo\\\/image\\\/\",\"url\":\"https:\\\/\\\/cousy.be\\\/wp-content\\\/uploads\\\/2022\\\/11\\\/Voorlopig-logo.png\",\"contentUrl\":\"https:\\\/\\\/cousy.be\\\/wp-content\\\/uploads\\\/2022\\\/11\\\/Voorlopig-logo.png\",\"width\":2355,\"height\":455,\"caption\":\"Cousy\"},\"image\":{\"@id\":\"https:\\\/\\\/cousy.be\\\/#\\\/schema\\\/logo\\\/image\\\/\"}}]}<\/script>\n<!-- \/ Yoast SEO plugin. -->","yoast_head_json":{"title":"Contact - Cousy","robots":{"index":"index","follow":"follow","max-snippet":"max-snippet:-1","max-image-preview":"max-image-preview:large","max-video-preview":"max-video-preview:-1"},"canonical":"https:\/\/cousy.be\/fr\/contact\/","og_locale":"fr_FR","og_type":"article","og_title":"Contact - Cousy","og_description":"Rencontrons-nousNous sommes un point de contact central et un consultant pour les cr\u00e9ateurs d\u00e9butants et \u00e9tablis. Gr\u00e2ce \u00e0 nos contacts internationaux, nous sommes un lien entre les cr\u00e9ateurs et les fabricants [&hellip;]","og_url":"https:\/\/cousy.be\/fr\/contact\/","og_site_name":"Cousy","article_modified_time":"2023-03-04T15:39:16+00:00","twitter_card":"summary_large_image","twitter_misc":{"Dur\u00e9e de lecture estim\u00e9e":"3 minutes"},"schema":{"@context":"https:\/\/schema.org","@graph":[{"@type":"WebPage","@id":"https:\/\/cousy.be\/fr\/contact\/","url":"https:\/\/cousy.be\/fr\/contact\/","name":"Contact - Cousy","isPartOf":{"@id":"https:\/\/cousy.be\/#website"},"datePublished":"2022-11-15T18:49:24+00:00","dateModified":"2023-03-04T15:39:16+00:00","breadcrumb":{"@id":"https:\/\/cousy.be\/fr\/contact\/#breadcrumb"},"inLanguage":"fr-FR","potentialAction":[{"@type":"ReadAction","target":["https:\/\/cousy.be\/fr\/contact\/"]}]},{"@type":"BreadcrumbList","@id":"https:\/\/cousy.be\/fr\/contact\/#breadcrumb","itemListElement":[{"@type":"ListItem","position":1,"name":"Home","item":"https:\/\/cousy.be\/fr\/"},{"@type":"ListItem","position":2,"name":"Contact"}]},{"@type":"WebSite","@id":"https:\/\/cousy.be\/#website","url":"https:\/\/cousy.be\/","name":"Cousy","description":"Knitwear Family","publisher":{"@id":"https:\/\/cousy.be\/#organization"},"potentialAction":[{"@type":"SearchAction","target":{"@type":"EntryPoint","urlTemplate":"https:\/\/cousy.be\/?s={search_term_string}"},"query-input":{"@type":"PropertyValueSpecification","valueRequired":true,"valueName":"search_term_string"}}],"inLanguage":"fr-FR"},{"@type":"Organization","@id":"https:\/\/cousy.be\/#organization","name":"Cousy","url":"https:\/\/cousy.be\/","logo":{"@type":"ImageObject","inLanguage":"fr-FR","@id":"https:\/\/cousy.be\/#\/schema\/logo\/image\/","url":"https:\/\/cousy.be\/wp-content\/uploads\/2022\/11\/Voorlopig-logo.png","contentUrl":"https:\/\/cousy.be\/wp-content\/uploads\/2022\/11\/Voorlopig-logo.png","width":2355,"height":455,"caption":"Cousy"},"image":{"@id":"https:\/\/cousy.be\/#\/schema\/logo\/image\/"}}]}},"_links":{"self":[{"href":"https:\/\/cousy.be\/fr\/wp-json\/wp\/v2\/pages\/27531","targetHints":{"allow":["GET"]}}],"collection":[{"href":"https:\/\/cousy.be\/fr\/wp-json\/wp\/v2\/pages"}],"about":[{"href":"https:\/\/cousy.be\/fr\/wp-json\/wp\/v2\/types\/page"}],"author":[{"embeddable":true,"href":"https:\/\/cousy.be\/fr\/wp-json\/wp\/v2\/users\/1"}],"replies":[{"embeddable":true,"href":"https:\/\/cousy.be\/fr\/wp-json\/wp\/v2\/comments?post=27531"}],"version-history":[{"count":8,"href":"https:\/\/cousy.be\/fr\/wp-json\/wp\/v2\/pages\/27531\/revisions"}],"predecessor-version":[{"id":28748,"href":"https:\/\/cousy.be\/fr\/wp-json\/wp\/v2\/pages\/27531\/revisions\/28748"}],"wp:attachment":[{"href":"https:\/\/cousy.be\/fr\/wp-json\/wp\/v2\/media?parent=27531"}],"curies":[{"name":"wp","href":"https:\/\/api.w.org\/{rel}","templated":true}]}}