{"id":27475,"date":"2022-11-15T18:49:09","date_gmt":"2022-11-15T18:49:09","guid":{"rendered":"https:\/\/cousy.be\/comment-nous-travaillons\/"},"modified":"2022-12-28T22:38:50","modified_gmt":"2022-12-28T22:38:50","slug":"comment-nous-travaillons","status":"publish","type":"page","link":"https:\/\/cousy.be\/fr\/comment-nous-travaillons\/","title":{"rendered":"Notre approche"},"content":{"rendered":"<p>[et_pb_section fb_built=\u00a0\u00bb1&Prime; disabled_on=\u00a0\u00bboff|off|off\u00a0\u00bb module_class=\u00a0\u00bbparent-section\u00a0\u00bb _builder_version=\u00a0\u00bb4.19.4&Prime; _module_preset=\u00a0\u00bbdefault\u00a0\u00bb width=\u00a0\u00bb97%\u00a0\u00bb max_width=\u00a0\u00bb97%\u00a0\u00bb module_alignment=\u00a0\u00bbcenter\u00a0\u00bb custom_margin=\u00a0\u00bb||||false|false\u00a0\u00bb custom_padding=\u00a0\u00bb0px||0px||true|false\u00a0\u00bb global_colors_info=\u00a0\u00bb{}\u00a0\u00bb][et_pb_row column_structure=\u00a0\u00bb1_2,1_2&Prime; use_custom_gutter=\u00a0\u00bbon\u00a0\u00bb gutter_width=\u00a0\u00bb1&Prime; make_equal=\u00a0\u00bbon\u00a0\u00bb _builder_version=\u00a0\u00bb4.19.4&Prime; _module_preset=\u00a0\u00bbdefault\u00a0\u00bb width=\u00a0\u00bb100%\u00a0\u00bb max_width=\u00a0\u00bb100%\u00a0\u00bb custom_margin=\u00a0\u00bb0px||0px||true|false\u00a0\u00bb custom_padding=\u00a0\u00bb0px||0px||true|false\u00a0\u00bb global_colors_info=\u00a0\u00bb{}\u00a0\u00bb][et_pb_column type=\u00a0\u00bb1_2&Prime; module_class=\u00a0\u00bbscrolling_col\u00a0\u00bb _builder_version=\u00a0\u00bb4.18.0&Prime; _module_preset=\u00a0\u00bbdefault\u00a0\u00bb overflow-y=\u00a0\u00bbscroll\u00a0\u00bb custom_css_main_element=\u00a0\u00bbheight: 80.4vh;\u00a0\u00bb global_colors_info=\u00a0\u00bb{}\u00a0\u00bb custom_css_main_element_last_edited=\u00a0\u00bbon|phone\u00a0\u00bb custom_css_main_element_phone=\u00a0\u00bbheight: 38vh;\u00a0\u00bb custom_css_main_element_tablet=\u00a0\u00bbheight: 80.4vh;\u00a0\u00bb][et_pb_image src=\u00a0\u00bbhttps:\/\/cousy.be\/wp-content\/uploads\/2022\/11\/Cousy_33-1.jpg\u00a0\u00bb title_text=\u00a0\u00bbCousy_33&Prime; align=\u00a0\u00bbcenter\u00a0\u00bb force_fullwidth=\u00a0\u00bbon\u00a0\u00bb _builder_version=\u00a0\u00bb4.18.0&Prime; _module_preset=\u00a0\u00bbdefault\u00a0\u00bb global_colors_info=\u00a0\u00bb{}\u00a0\u00bb][\/et_pb_image][et_pb_image src=\u00a0\u00bbhttps:\/\/cousy.be\/wp-content\/uploads\/2022\/11\/Cousy_44.jpg\u00a0\u00bb title_text=\u00a0\u00bbCousy_44&Prime; align=\u00a0\u00bbcenter\u00a0\u00bb force_fullwidth=\u00a0\u00bbon\u00a0\u00bb _builder_version=\u00a0\u00bb4.18.0&Prime; _module_preset=\u00a0\u00bbdefault\u00a0\u00bb global_colors_info=\u00a0\u00bb{}\u00a0\u00bb][\/et_pb_image][et_pb_image src=\u00a0\u00bbhttps:\/\/cousy.be\/wp-content\/uploads\/2022\/11\/Cousy_40.jpg\u00a0\u00bb title_text=\u00a0\u00bbCousy_40&Prime; align=\u00a0\u00bbcenter\u00a0\u00bb force_fullwidth=\u00a0\u00bbon\u00a0\u00bb _builder_version=\u00a0\u00bb4.18.0&Prime; _module_preset=\u00a0\u00bbdefault\u00a0\u00bb global_colors_info=\u00a0\u00bb{}\u00a0\u00bb][\/et_pb_image][et_pb_image src=\u00a0\u00bbhttps:\/\/cousy.be\/wp-content\/uploads\/2022\/11\/Cousy_3.jpg\u00a0\u00bb title_text=\u00a0\u00bbCousy_3&Prime; align=\u00a0\u00bbcenter\u00a0\u00bb force_fullwidth=\u00a0\u00bbon\u00a0\u00bb _builder_version=\u00a0\u00bb4.18.0&Prime; _module_preset=\u00a0\u00bbdefault\u00a0\u00bb global_colors_info=\u00a0\u00bb{}\u00a0\u00bb][\/et_pb_image][et_pb_image src=\u00a0\u00bbhttps:\/\/cousy.be\/wp-content\/uploads\/2022\/11\/Cousy_43.jpg\u00a0\u00bb title_text=\u00a0\u00bbCousy_43&Prime; align=\u00a0\u00bbcenter\u00a0\u00bb force_fullwidth=\u00a0\u00bbon\u00a0\u00bb _builder_version=\u00a0\u00bb4.18.0&Prime; _module_preset=\u00a0\u00bbdefault\u00a0\u00bb global_colors_info=\u00a0\u00bb{}\u00a0\u00bb][\/et_pb_image][\/et_pb_column][et_pb_column type=\u00a0\u00bb1_2&Prime; _builder_version=\u00a0\u00bb4.18.0&Prime; _module_preset=\u00a0\u00bbdefault\u00a0\u00bb custom_padding=\u00a0\u00bb0px||||false|false\u00a0\u00bb global_colors_info=\u00a0\u00bb{}\u00a0\u00bb][et_pb_slider show_pagination=\u00a0\u00bboff\u00a0\u00bb show_arrows_last_edited=\u00a0\u00bboff|desktop\u00a0\u00bb module_class=\u00a0\u00bbcsk_slider\u00a0\u00bb _builder_version=\u00a0\u00bb4.19.4&Prime; _module_preset=\u00a0\u00bbdefault\u00a0\u00bb header_font=\u00a0\u00bbCalistoga||||||||\u00a0\u00bb header_font_size=\u00a0\u00bb36px\u00a0\u00bb header_line_height=\u00a0\u00bb1.7em\u00a0\u00bb text_orientation=\u00a0\u00bbleft\u00a0\u00bb custom_margin=\u00a0\u00bb0px||||false|false\u00a0\u00bb custom_padding=\u00a0\u00bb0px||4px||false|false\u00a0\u00bb sticky_limit_bottom=\u00a0\u00bbrow\u00a0\u00bb border_width_top=\u00a0\u00bb2px\u00a0\u00bb border_color_top=\u00a0\u00bb#f7f7f7&Prime; global_colors_info=\u00a0\u00bb{}\u00a0\u00bb show_arrows__hover_enabled=\u00a0\u00bboff|hover\u00a0\u00bb][et_pb_slide heading=\u00a0\u00bbNotre approche\u00a0\u00bb _builder_version=\u00a0\u00bb4.18.0&Prime; _module_preset=\u00a0\u00bbdefault\u00a0\u00bb header_level=\u00a0\u00bbh4&Prime; body_font=\u00a0\u00bbKanit|200|||||||\u00a0\u00bb background_enable_color=\u00a0\u00bboff\u00a0\u00bb background_layout=\u00a0\u00bblight\u00a0\u00bb global_colors_info=\u00a0\u00bb{}\u00a0\u00bb sticky_transition=\u00a0\u00bbon\u00a0\u00bb]<\/p>\n<p><strong>Choix du fil, d\u00e9termination des points, fa\u00e7onnage et commande de fils.<\/strong><\/p>\n<p>L&rsquo;\u00e9quipe passionn\u00e9e de Cousy traduit les id\u00e9es cr\u00e9atives des designers en solutions techniques. Nos ann\u00e9es de savoir-faire et d&rsquo;artisanat permettent aux clients d&rsquo;explorer les limites des tissus, des structures et des formes.<\/p>\n<p>Au cours du processus de d\u00e9veloppement, les \u00e9tapes suivantes sont toujours suivies :<\/p>\n<p>&nbsp;<\/p>\n<p>[\/et_pb_slide][\/et_pb_slider][dipl_timeline select_timeline_layout=\u00a0\u00bbdipl_date_tree\u00a0\u00bb global_timeline_icon_font_size=\u00a0\u00bb5px\u00a0\u00bb global_icon_shape=\u00a0\u00bbuse_circle\u00a0\u00bb timeline_bar_size=\u00a0\u00bb1px\u00a0\u00bb timeline_bar_shape_border_size=\u00a0\u00bb5px\u00a0\u00bb timeline_custom_padding=\u00a0\u00bb3px|10px|8px|10px|false|true\u00a0\u00bb global_timeline_background_color=\u00a0\u00bbrgba(0,0,0,0.03)\u00a0\u00bb _builder_version=\u00a0\u00bb4.19.4&Prime; _module_preset=\u00a0\u00bbdefault\u00a0\u00bb global_timeline_header_line_height=\u00a0\u00bb1em\u00a0\u00bb global_timeline_text_line_height=\u00a0\u00bb1em\u00a0\u00bb custom_padding=\u00a0\u00bb0px|50px||50px|false|true\u00a0\u00bb hover_enabled=\u00a0\u00bb0&Prime; global_colors_info=\u00a0\u00bb{}\u00a0\u00bb sticky_enabled=\u00a0\u00bb0&Prime;][dipl_timeline_item _builder_version=\u00a0\u00bb4.19.4&Prime; _module_preset=\u00a0\u00bbdefault\u00a0\u00bb global_timeline_header_font=\u00a0\u00bbAbril Fatface|300||on|||||\u00a0\u00bb global_timeline_header_font_size=\u00a0\u00bb22px\u00a0\u00bb global_timeline_header_letter_spacing=\u00a0\u00bb0px\u00a0\u00bb global_timeline_header_line_height=\u00a0\u00bb1.6em\u00a0\u00bb global_timeline_text_font=\u00a0\u00bb|300||on|||||\u00a0\u00bb hover_enabled=\u00a0\u00bb0&Prime; global_colors_info=\u00a0\u00bb{}\u00a0\u00bb sticky_enabled=\u00a0\u00bb0&Prime;]<\/p>\n<p>FILS, POINT, FORME<\/p>\n<p>[\/dipl_timeline_item][dipl_timeline_item _builder_version=\u00a0\u00bb4.19.4&Prime; _module_preset=\u00a0\u00bbdefault\u00a0\u00bb global_timeline_header_font=\u00a0\u00bbAbril Fatface||||||||\u00a0\u00bb global_timeline_text_font=\u00a0\u00bb|300||on|||||\u00a0\u00bb hover_enabled=\u00a0\u00bb0&Prime; global_colors_info=\u00a0\u00bb{}\u00a0\u00bb sticky_enabled=\u00a0\u00bb0&Prime;]<\/p>\n<p>COMMANDE DU FILS<\/p>\n<p>[\/dipl_timeline_item][dipl_timeline_item _builder_version=\u00a0\u00bb4.19.4&Prime; _module_preset=\u00a0\u00bbdefault\u00a0\u00bb global_timeline_header_font=\u00a0\u00bbAbril Fatface||||||||\u00a0\u00bb global_timeline_text_font=\u00a0\u00bb|300||on|||||\u00a0\u00bb hover_enabled=\u00a0\u00bb0&Prime; global_colors_info=\u00a0\u00bb{}\u00a0\u00bb sticky_enabled=\u00a0\u00bb0&Prime;]<\/p>\n<p>swatches<\/p>\n<p>[\/dipl_timeline_item][dipl_timeline_item _builder_version=\u00a0\u00bb4.19.4&Prime; _module_preset=\u00a0\u00bbdefault\u00a0\u00bb global_timeline_header_font=\u00a0\u00bbAbril Fatface||||||||\u00a0\u00bb global_timeline_text_font=\u00a0\u00bb|300||on|||||\u00a0\u00bb hover_enabled=\u00a0\u00bb0&Prime; global_colors_info=\u00a0\u00bb{}\u00a0\u00bb sticky_enabled=\u00a0\u00bb0&Prime;]<\/p>\n<p>prototype<\/p>\n<p>[\/dipl_timeline_item][dipl_timeline_item _builder_version=\u00a0\u00bb4.19.4&Prime; _module_preset=\u00a0\u00bbdefault\u00a0\u00bb global_timeline_header_font=\u00a0\u00bbAbril Fatface||||||||\u00a0\u00bb global_timeline_text_font=\u00a0\u00bb|300||on|||||\u00a0\u00bb hover_enabled=\u00a0\u00bb0&Prime; global_colors_info=\u00a0\u00bb{}\u00a0\u00bb sticky_enabled=\u00a0\u00bb0&Prime;]<\/p>\n<p>fitting<\/p>\n<p>[\/dipl_timeline_item][dipl_timeline_item _builder_version=\u00a0\u00bb4.19.4&Prime; _module_preset=\u00a0\u00bbdefault\u00a0\u00bb global_timeline_header_font=\u00a0\u00bbAbril Fatface||||||||\u00a0\u00bb global_timeline_text_font=\u00a0\u00bb|300||on|||||\u00a0\u00bb hover_enabled=\u00a0\u00bb0&Prime; global_colors_info=\u00a0\u00bb{}\u00a0\u00bb sticky_enabled=\u00a0\u00bb0&Prime;]<\/p>\n<p>ECHANTILLONS DE VENTE<\/p>\n<p>[\/dipl_timeline_item][\/dipl_timeline][\/et_pb_column][\/et_pb_row][\/et_pb_section]<\/p>\n","protected":false},"excerpt":{"rendered":"<p>Choix du fil, d\u00e9termination des points, fa\u00e7onnage et commande de fils. L&rsquo;\u00e9quipe passionn\u00e9e de Cousy traduit les id\u00e9es cr\u00e9atives des designers en solutions techniques. Nos ann\u00e9es de savoir-faire et d&rsquo;artisanat permettent aux clients d&rsquo;explorer les limites des tissus, des structures et des formes. Au cours du processus de d\u00e9veloppement, les \u00e9tapes suivantes sont toujours suivies [&hellip;]<\/p>\n","protected":false},"author":3,"featured_media":0,"parent":0,"menu_order":0,"comment_status":"closed","ping_status":"closed","template":"","meta":{"_et_pb_use_builder":"on","_et_pb_old_content":"","_et_gb_content_width":"","footnotes":""},"class_list":["post-27475","page","type-page","status-publish","hentry"],"yoast_head":"<!-- This site is optimized with the Yoast SEO plugin v27.5 - https:\/\/yoast.com\/product\/yoast-seo-wordpress\/ -->\n<title>Notre approche - Cousy<\/title>\n<meta name=\"robots\" content=\"index, follow, max-snippet:-1, max-image-preview:large, max-video-preview:-1\" \/>\n<link rel=\"canonical\" href=\"https:\/\/cousy.be\/fr\/comment-nous-travaillons\/\" \/>\n<meta property=\"og:locale\" content=\"fr_FR\" \/>\n<meta property=\"og:type\" content=\"article\" \/>\n<meta property=\"og:title\" content=\"Notre approche - Cousy\" \/>\n<meta property=\"og:description\" content=\"Choix du fil, d\u00e9termination des points, fa\u00e7onnage et commande de fils. L&#039;\u00e9quipe passionn\u00e9e de Cousy traduit les id\u00e9es cr\u00e9atives des designers en solutions techniques. Nos ann\u00e9es de savoir-faire et d&#039;artisanat permettent aux clients d&#039;explorer les limites des tissus, des structures et des formes. Au cours du processus de d\u00e9veloppement, les \u00e9tapes suivantes sont toujours suivies [&hellip;]\" \/>\n<meta property=\"og:url\" content=\"https:\/\/cousy.be\/fr\/comment-nous-travaillons\/\" \/>\n<meta property=\"og:site_name\" content=\"Cousy\" \/>\n<meta property=\"article:modified_time\" content=\"2022-12-28T22:38:50+00:00\" \/>\n<meta name=\"twitter:card\" content=\"summary_large_image\" \/>\n<meta name=\"twitter:label1\" content=\"Dur\u00e9e de lecture estim\u00e9e\" \/>\n\t<meta name=\"twitter:data1\" content=\"2 minutes\" \/>\n<script type=\"application\/ld+json\" class=\"yoast-schema-graph\">{\"@context\":\"https:\\\/\\\/schema.org\",\"@graph\":[{\"@type\":\"WebPage\",\"@id\":\"https:\\\/\\\/cousy.be\\\/fr\\\/comment-nous-travaillons\\\/\",\"url\":\"https:\\\/\\\/cousy.be\\\/fr\\\/comment-nous-travaillons\\\/\",\"name\":\"Notre approche - Cousy\",\"isPartOf\":{\"@id\":\"https:\\\/\\\/cousy.be\\\/#website\"},\"datePublished\":\"2022-11-15T18:49:09+00:00\",\"dateModified\":\"2022-12-28T22:38:50+00:00\",\"breadcrumb\":{\"@id\":\"https:\\\/\\\/cousy.be\\\/fr\\\/comment-nous-travaillons\\\/#breadcrumb\"},\"inLanguage\":\"fr-FR\",\"potentialAction\":[{\"@type\":\"ReadAction\",\"target\":[\"https:\\\/\\\/cousy.be\\\/fr\\\/comment-nous-travaillons\\\/\"]}]},{\"@type\":\"BreadcrumbList\",\"@id\":\"https:\\\/\\\/cousy.be\\\/fr\\\/comment-nous-travaillons\\\/#breadcrumb\",\"itemListElement\":[{\"@type\":\"ListItem\",\"position\":1,\"name\":\"Home\",\"item\":\"https:\\\/\\\/cousy.be\\\/fr\\\/\"},{\"@type\":\"ListItem\",\"position\":2,\"name\":\"Notre approche\"}]},{\"@type\":\"WebSite\",\"@id\":\"https:\\\/\\\/cousy.be\\\/#website\",\"url\":\"https:\\\/\\\/cousy.be\\\/\",\"name\":\"Cousy\",\"description\":\"Knitwear Family\",\"publisher\":{\"@id\":\"https:\\\/\\\/cousy.be\\\/#organization\"},\"potentialAction\":[{\"@type\":\"SearchAction\",\"target\":{\"@type\":\"EntryPoint\",\"urlTemplate\":\"https:\\\/\\\/cousy.be\\\/?s={search_term_string}\"},\"query-input\":{\"@type\":\"PropertyValueSpecification\",\"valueRequired\":true,\"valueName\":\"search_term_string\"}}],\"inLanguage\":\"fr-FR\"},{\"@type\":\"Organization\",\"@id\":\"https:\\\/\\\/cousy.be\\\/#organization\",\"name\":\"Cousy\",\"url\":\"https:\\\/\\\/cousy.be\\\/\",\"logo\":{\"@type\":\"ImageObject\",\"inLanguage\":\"fr-FR\",\"@id\":\"https:\\\/\\\/cousy.be\\\/#\\\/schema\\\/logo\\\/image\\\/\",\"url\":\"https:\\\/\\\/cousy.be\\\/wp-content\\\/uploads\\\/2022\\\/11\\\/Voorlopig-logo.png\",\"contentUrl\":\"https:\\\/\\\/cousy.be\\\/wp-content\\\/uploads\\\/2022\\\/11\\\/Voorlopig-logo.png\",\"width\":2355,\"height\":455,\"caption\":\"Cousy\"},\"image\":{\"@id\":\"https:\\\/\\\/cousy.be\\\/#\\\/schema\\\/logo\\\/image\\\/\"}}]}<\/script>\n<!-- \/ Yoast SEO plugin. -->","yoast_head_json":{"title":"Notre approche - Cousy","robots":{"index":"index","follow":"follow","max-snippet":"max-snippet:-1","max-image-preview":"max-image-preview:large","max-video-preview":"max-video-preview:-1"},"canonical":"https:\/\/cousy.be\/fr\/comment-nous-travaillons\/","og_locale":"fr_FR","og_type":"article","og_title":"Notre approche - Cousy","og_description":"Choix du fil, d\u00e9termination des points, fa\u00e7onnage et commande de fils. L'\u00e9quipe passionn\u00e9e de Cousy traduit les id\u00e9es cr\u00e9atives des designers en solutions techniques. Nos ann\u00e9es de savoir-faire et d'artisanat permettent aux clients d'explorer les limites des tissus, des structures et des formes. Au cours du processus de d\u00e9veloppement, les \u00e9tapes suivantes sont toujours suivies [&hellip;]","og_url":"https:\/\/cousy.be\/fr\/comment-nous-travaillons\/","og_site_name":"Cousy","article_modified_time":"2022-12-28T22:38:50+00:00","twitter_card":"summary_large_image","twitter_misc":{"Dur\u00e9e de lecture estim\u00e9e":"2 minutes"},"schema":{"@context":"https:\/\/schema.org","@graph":[{"@type":"WebPage","@id":"https:\/\/cousy.be\/fr\/comment-nous-travaillons\/","url":"https:\/\/cousy.be\/fr\/comment-nous-travaillons\/","name":"Notre approche - Cousy","isPartOf":{"@id":"https:\/\/cousy.be\/#website"},"datePublished":"2022-11-15T18:49:09+00:00","dateModified":"2022-12-28T22:38:50+00:00","breadcrumb":{"@id":"https:\/\/cousy.be\/fr\/comment-nous-travaillons\/#breadcrumb"},"inLanguage":"fr-FR","potentialAction":[{"@type":"ReadAction","target":["https:\/\/cousy.be\/fr\/comment-nous-travaillons\/"]}]},{"@type":"BreadcrumbList","@id":"https:\/\/cousy.be\/fr\/comment-nous-travaillons\/#breadcrumb","itemListElement":[{"@type":"ListItem","position":1,"name":"Home","item":"https:\/\/cousy.be\/fr\/"},{"@type":"ListItem","position":2,"name":"Notre approche"}]},{"@type":"WebSite","@id":"https:\/\/cousy.be\/#website","url":"https:\/\/cousy.be\/","name":"Cousy","description":"Knitwear Family","publisher":{"@id":"https:\/\/cousy.be\/#organization"},"potentialAction":[{"@type":"SearchAction","target":{"@type":"EntryPoint","urlTemplate":"https:\/\/cousy.be\/?s={search_term_string}"},"query-input":{"@type":"PropertyValueSpecification","valueRequired":true,"valueName":"search_term_string"}}],"inLanguage":"fr-FR"},{"@type":"Organization","@id":"https:\/\/cousy.be\/#organization","name":"Cousy","url":"https:\/\/cousy.be\/","logo":{"@type":"ImageObject","inLanguage":"fr-FR","@id":"https:\/\/cousy.be\/#\/schema\/logo\/image\/","url":"https:\/\/cousy.be\/wp-content\/uploads\/2022\/11\/Voorlopig-logo.png","contentUrl":"https:\/\/cousy.be\/wp-content\/uploads\/2022\/11\/Voorlopig-logo.png","width":2355,"height":455,"caption":"Cousy"},"image":{"@id":"https:\/\/cousy.be\/#\/schema\/logo\/image\/"}}]}},"_links":{"self":[{"href":"https:\/\/cousy.be\/fr\/wp-json\/wp\/v2\/pages\/27475","targetHints":{"allow":["GET"]}}],"collection":[{"href":"https:\/\/cousy.be\/fr\/wp-json\/wp\/v2\/pages"}],"about":[{"href":"https:\/\/cousy.be\/fr\/wp-json\/wp\/v2\/types\/page"}],"author":[{"embeddable":true,"href":"https:\/\/cousy.be\/fr\/wp-json\/wp\/v2\/users\/3"}],"replies":[{"embeddable":true,"href":"https:\/\/cousy.be\/fr\/wp-json\/wp\/v2\/comments?post=27475"}],"version-history":[{"count":10,"href":"https:\/\/cousy.be\/fr\/wp-json\/wp\/v2\/pages\/27475\/revisions"}],"predecessor-version":[{"id":28646,"href":"https:\/\/cousy.be\/fr\/wp-json\/wp\/v2\/pages\/27475\/revisions\/28646"}],"wp:attachment":[{"href":"https:\/\/cousy.be\/fr\/wp-json\/wp\/v2\/media?parent=27475"}],"curies":[{"name":"wp","href":"https:\/\/api.w.org\/{rel}","templated":true}]}}